{"id":1046,"date":"2019-04-24T14:45:23","date_gmt":"2019-04-24T14:45:23","guid":{"rendered":"https:\/\/mobfood.pt\/noticias\/"},"modified":"2019-09-02T10:17:01","modified_gmt":"2019-09-02T10:17:01","slug":"news","status":"publish","type":"page","link":"https:\/\/mobfood.pt\/en\/news\/","title":{"rendered":"News"},"content":{"rendered":"[vc_row type=&#8221;in_container&#8221; full_screen_row_position=&#8221;middle&#8221; scene_position=&#8221;center&#8221; text_color=&#8221;dark&#8221; text_align=&#8221;left&#8221; top_padding=&#8221;40&#8243; overlay_strength=&#8221;0.3&#8243; shape_divider_position=&#8221;bottom&#8221; shape_type=&#8221;&#8221;][vc_column column_padding=&#8221;no-extra-padding&#8221; column_padding_position=&#8221;all&#8221; background_color_opacity=&#8221;1&#8243; background_hover_color_opacity=&#8221;1&#8243; column_shadow=&#8221;none&#8221; column_border_radius=&#8221;none&#8221; width=&#8221;1\/1&#8243; tablet_text_alignment=&#8221;default&#8221; phone_text_alignment=&#8221;default&#8221; column_border_width=&#8221;none&#8221; column_border_style=&#8221;solid&#8221;]\t\r\n\t<div class=\"row\">\r\n\t\r\n\t <div class=\"post-area col  span_12 col_last masonry material  infinite_scroll \" data-ams=\"\"> <div class=\"posts-container\" data-load-animation=\"none\">\t\t\t\t\r\n\t\t\t\t\r\n<article id=\"post-1077\" class=\"regular post-1077 post type-post status-publish format-standard has-post-thumbnail category-uncategorized\">\r\n\r\n\t<div class=\"inner-wrap animated\">\r\n\r\n\t\t<div class=\"post-content\">\r\n\t\t\t\r\n\t\t\t\t\t\t\t\r\n\t\t\t\t\t\t\t\t\r\n\t\t\t\t\t\t\t\t\r\n\t\t\t\t\t\t\r\n\t\t\t\r\n\r\n\t\t\t\r\n\t\t\t\t<div class=\"content-inner\">\r\n\t\t\t\t\t\r\n\t\t\t\t\t <a class=\"entire-meta-link\" href=\"https:\/\/mobfood.pt\/en\/3rd-plenary-meeting-ibet\/\"><\/a><a href=\"https:\/\/mobfood.pt\/en\/3rd-plenary-meeting-ibet\/\"><span class=\"post-featured-img\"><img width=\"1024\" height=\"768\" src=\"https:\/\/mobfood.pt\/wp-content\/uploads\/2019\/07\/2-1024x768.jpg\" class=\"attachment-large size-large wp-post-image\" alt=\"\" loading=\"lazy\" title=\"\" srcset=\"https:\/\/mobfood.pt\/wp-content\/uploads\/2019\/07\/2-1024x768.jpg 1024w, https:\/\/mobfood.pt\/wp-content\/uploads\/2019\/07\/2-300x225.jpg 300w, https:\/\/mobfood.pt\/wp-content\/uploads\/2019\/07\/2-768x576.jpg 768w, https:\/\/mobfood.pt\/wp-content\/uploads\/2019\/07\/2.jpg 1280w\" sizes=\"(max-width: 1024px) 100vw, 1024px\" \/><\/span><\/a>\t\t\t\t\t\r\n\t\t\t\t\t\t\t\t\t\t\t\r\n\t\t\t\t\t\t\r\n\t\t\t\t\t\t\t\r\n\t\t\t\t\t\t<span class=\"meta-category\"><a class=\"uncategorized\" href=\"https:\/\/mobfood.pt\/en\/category\/uncategorized\/\">Uncategorized<\/a><\/span>\r\n\t\t\t\t\t\t<div class=\"article-content-wrap\">\r\n\t\t\t\t\t\t\t\r\n\t\t\t\t\t\t\t\t\t\t\t\t\t\t\t\t\t\t\r\n\t\t\t\t\t\t\t<div class=\"post-header\">\r\n\t\t\t\t\t\t\t\t\t\r\n\t\t\t\t\t\t\t\t<h3 class=\"title\">\r\n\t\t\t\t\t\t\t\t\t \r\n\t\t\t\t\t\t\t\t\t\t<a href=\"https:\/\/mobfood.pt\/en\/3rd-plenary-meeting-ibet\/\">\t\t\t\t\t\t\t\t\t\t\t3rd Plenary Meeting @IBET\t\t\t\t\t\t\t\t\t\t <\/a> \r\n\t\t\t\t\t\t\t\t\t\t\t\t\t\t\t\t\t<\/h3>\r\n\r\n\t\t\t\t\t\t\t\t\t\t\t\t\t\t\t<\/div><!--\/post-header-->\r\n\t\t\t\t\t\t<div class=\"excerpt\">The 3rd Plenary Meeting of the MobFood Project took place at IBET (Lisbon) on July&hellip;<\/div><div class=\"grav-wrap\"><a href=\"https:\/\/mobfood.pt\/en\/author\/goncalo\/\"><\/a><div class=\"text\"><a href=\"https:\/\/mobfood.pt\/en\/author\/goncalo\/\" rel=\"author\">Gon\u00e7alo Igl\u00e9sias<\/a><span>12 July, 2019<\/span><\/div><\/div>\t\t\t\t\t\t\t\r\n\t\t\t\t\t\t<\/div><!--article-content-wrap-->\r\n\r\n\t\t\t\t\t\t\t\t\t\t\r\n\t\t\t\t   \r\n\t\t\t\t\t\t\t\t\t\t\r\n\t\t\t\t\t\t\t\t\t\t\t\r\n\t\t\t\t<\/div><!--\/content-inner-->\r\n\r\n\t\t\t\t\t\t\r\n\t\t<\/div><!--\/post-content-->\r\n\r\n\t<\/div><!--\/inner-wrap-->\r\n\t\t\r\n<\/article><!--\/article-->\r\n\t\t\t\t\t\t\t\r\n\t\t\t\t\r\n<article id=\"post-1081\" class=\"regular post-1081 post type-post status-publish format-standard has-post-thumbnail category-gallery\">\r\n\r\n\t<div class=\"inner-wrap animated\">\r\n\r\n\t\t<div class=\"post-content\">\r\n\t\t\t\r\n\t\t\t\t\t\t\t\r\n\t\t\t\t\t\t\t\t\r\n\t\t\t\t\t\t\t\t\r\n\t\t\t\t\t\t\r\n\t\t\t\r\n\r\n\t\t\t\r\n\t\t\t\t<div class=\"content-inner\">\r\n\t\t\t\t\t\r\n\t\t\t\t\t <a class=\"entire-meta-link\" href=\"https:\/\/mobfood.pt\/en\/mobfood-foodpolis\/\"><\/a><a href=\"https:\/\/mobfood.pt\/en\/mobfood-foodpolis\/\"><span class=\"post-featured-img\"><img width=\"1024\" height=\"538\" src=\"https:\/\/mobfood.pt\/wp-content\/uploads\/2019\/07\/foodpolis-3-1024x538.jpg\" class=\"attachment-large size-large wp-post-image\" alt=\"\" loading=\"lazy\" title=\"\" srcset=\"https:\/\/mobfood.pt\/wp-content\/uploads\/2019\/07\/foodpolis-3-1024x538.jpg 1024w, https:\/\/mobfood.pt\/wp-content\/uploads\/2019\/07\/foodpolis-3-300x158.jpg 300w, https:\/\/mobfood.pt\/wp-content\/uploads\/2019\/07\/foodpolis-3-768x403.jpg 768w, https:\/\/mobfood.pt\/wp-content\/uploads\/2019\/07\/foodpolis-3.jpg 1200w\" sizes=\"(max-width: 1024px) 100vw, 1024px\" \/><\/span><\/a>\t\t\t\t\t\r\n\t\t\t\t\t\t\t\t\t\t\t\r\n\t\t\t\t\t\t\r\n\t\t\t\t\t\t\t\r\n\t\t\t\t\t\t<span class=\"meta-category\"><a class=\"gallery\" href=\"https:\/\/mobfood.pt\/en\/category\/gallery\/\">Gallery<\/a><\/span>\r\n\t\t\t\t\t\t<div class=\"article-content-wrap\">\r\n\t\t\t\t\t\t\t\r\n\t\t\t\t\t\t\t\t\t\t\t\t\t\t\t\t\t\t\r\n\t\t\t\t\t\t\t<div class=\"post-header\">\r\n\t\t\t\t\t\t\t\t\t\r\n\t\t\t\t\t\t\t\t<h3 class=\"title\">\r\n\t\t\t\t\t\t\t\t\t \r\n\t\t\t\t\t\t\t\t\t\t<a href=\"https:\/\/mobfood.pt\/en\/mobfood-foodpolis\/\">\t\t\t\t\t\t\t\t\t\t\tMobFood @FoodPolis\t\t\t\t\t\t\t\t\t\t <\/a> \r\n\t\t\t\t\t\t\t\t\t\t\t\t\t\t\t\t\t<\/h3>\r\n\r\n\t\t\t\t\t\t\t\t\t\t\t\t\t\t\t<\/div><!--\/post-header-->\r\n\t\t\t\t\t\t<div class=\"excerpt\">Dissemination of MobFood Project results in South Korea.<\/div><div class=\"grav-wrap\"><a href=\"https:\/\/mobfood.pt\/en\/author\/goncalo\/\"><\/a><div class=\"text\"><a href=\"https:\/\/mobfood.pt\/en\/author\/goncalo\/\" rel=\"author\">Gon\u00e7alo Igl\u00e9sias<\/a><span>26 June, 2019<\/span><\/div><\/div>\t\t\t\t\t\t\t\r\n\t\t\t\t\t\t<\/div><!--article-content-wrap-->\r\n\r\n\t\t\t\t\t\t\t\t\t\t\r\n\t\t\t\t   \r\n\t\t\t\t\t\t\t\t\t\t\r\n\t\t\t\t\t\t\t\t\t\t\t\r\n\t\t\t\t<\/div><!--\/content-inner-->\r\n\r\n\t\t\t\t\t\t\r\n\t\t<\/div><!--\/post-content-->\r\n\r\n\t<\/div><!--\/inner-wrap-->\r\n\t\t\r\n<\/article><!--\/article-->\r\n\t\t\t\t\t\t\t\r\n\t\t\t\t\r\n<article id=\"post-1085\" class=\"regular video post-1085 post type-post status-publish format-video has-post-thumbnail category-video-en post_format-post-format-video\">\r\n\t\r\n\t<div class=\"inner-wrap animated\">\r\n\r\n\t\t<div class=\"post-content\">\r\n\t\t\t\r\n\t\t\t\t\t\t\t\t\r\n\t\t\t\t\t\t\t\t\r\n\t\t\t\r\n\t\t\t<a class=\"img-link\" href=\"https:\/\/mobfood.pt\/en\/mobfood-sial-paris-2018\/\"><span class=\"post-featured-img\"><span class=\"video-play-button\"><svg version=\"1.1\" xmlns=\"http:\/\/www.w3.org\/2000\/svg\" xmlns:xlink=\"http:\/\/www.w3.org\/1999\/xlink\" width=\"600px\" height=\"800px\" x=\"0px\" y=\"0px\" viewBox=\"0 0 600 800\" enable-background=\"new 0 0 600 800\" xml:space=\"preserve\"><path fill=\"none\" d=\"M0-1.79v800L600,395L0-1.79z\"><\/path> <\/svg><\/span><span class=\"wrap\"><img width=\"1024\" height=\"576\" src=\"https:\/\/mobfood.pt\/wp-content\/uploads\/2019\/06\/maxresdefault-1-1024x576.jpg\" class=\"attachment-large size-large wp-post-image\" alt=\"Reuni\u00e3o PPS4\" loading=\"lazy\" title=\"\" srcset=\"https:\/\/mobfood.pt\/wp-content\/uploads\/2019\/06\/maxresdefault-1-1024x576.jpg 1024w, https:\/\/mobfood.pt\/wp-content\/uploads\/2019\/06\/maxresdefault-1-300x169.jpg 300w, https:\/\/mobfood.pt\/wp-content\/uploads\/2019\/06\/maxresdefault-1-768x432.jpg 768w, https:\/\/mobfood.pt\/wp-content\/uploads\/2019\/06\/maxresdefault-1.jpg 1280w\" sizes=\"(max-width: 1024px) 100vw, 1024px\" \/><\/span><\/span><\/a>\t\t\t\r\n\t\t\t\t\t\t\r\n\t\t\t<div class=\"content-inner\">\r\n\t\t\t\t\t\r\n\t\t\t\t <a class=\"entire-meta-link\" href=\"https:\/\/mobfood.pt\/en\/mobfood-sial-paris-2018\/\"><\/a>\t\t        \r\n\t\t         \r\n\r\n\t\t        \t<span class=\"meta-category\"><a class=\"video-en\" href=\"https:\/\/mobfood.pt\/en\/category\/video-en\/\">Video<\/a><\/span>\r\n\t\t        \t<div class=\"article-content-wrap\">\r\n\t\t\t\t\t\t\r\n\t\t\t\t\t\t\t\t\t\t\t\t\t\t\t\t\r\n\t\t\t\t\t\t\r\n\t\t\t\t\t\t<div class=\"post-header\">\r\n\t\t\t\t\t\t\t\t\r\n\t\t\t\t\t\t\t<h3 class=\"title\">\r\n\t\t\t\t\t\t\t\t \r\n\t\t\t\t\t\t\t\t\t<a href=\"https:\/\/mobfood.pt\/en\/mobfood-sial-paris-2018\/\">\t\t\t\t\t\t\t\t\t\tMobFood @SIAL PARIS 2018\t\t\t\t\t\t\t\t\t <\/a> \r\n\t\t\t\t\t\t\t\t\t\t\t\t\t\t\t<\/h3>\r\n\r\n\t\t\t\t\t\t\t\t\t\t\t\t\t<\/div><!--\/post-header-->\r\n\r\n\t\t\t\t<div class=\"excerpt\">The MobFood project was present at SIAL Paris 2018.<\/div><div class=\"grav-wrap\"><a href=\"https:\/\/mobfood.pt\/en\/author\/brandit\/\"><\/a><div class=\"text\"><a href=\"https:\/\/mobfood.pt\/en\/author\/brandit\/\" rel=\"author\">brandit<\/a><span>26 October, 2018<\/span><\/div><\/div>\r\n\t\t\t\t\t<\/div><!--article-content-wrap-->\r\n\t\t\t\t\t\r\n\t\t\t\t\t\t\t\t\r\n\t\t\t   \r\n\t\t\t\t\t\t\t\t\r\n\t\t\t\t\t\t\t\t\r\n\t\t\t<\/div><!--\/content-inner-->\r\n\r\n\t\t\t\t\t\t\r\n\t\t<\/div><!--\/post-content-->\r\n\r\n\t<\/div><!--\/inner-wrap-->\r\n\t\t\r\n<\/article><!--\/article-->\r\n\t\t\t\t\t\t\t\r\n\t\t\t\t\r\n<article id=\"post-1089\" class=\"regular post-1089 post type-post status-publish format-standard has-post-thumbnail category-uncategorized\">\r\n\r\n\t<div class=\"inner-wrap animated\">\r\n\r\n\t\t<div class=\"post-content\">\r\n\t\t\t\r\n\t\t\t\t\t\t\t\r\n\t\t\t\t\t\t\t\t\r\n\t\t\t\t\t\t\t\t\r\n\t\t\t\t\t\t\r\n\t\t\t\r\n\r\n\t\t\t\r\n\t\t\t\t<div class=\"content-inner\">\r\n\t\t\t\t\t\r\n\t\t\t\t\t <a class=\"entire-meta-link\" href=\"https:\/\/mobfood.pt\/en\/2nd-plenary-meeting-coimbra-university\/\"><\/a><a href=\"https:\/\/mobfood.pt\/en\/2nd-plenary-meeting-coimbra-university\/\"><span class=\"post-featured-img\"><img width=\"1024\" height=\"538\" src=\"https:\/\/mobfood.pt\/wp-content\/uploads\/2019\/04\/reuniao-1-1024x538.jpg\" class=\"attachment-large size-large wp-post-image\" alt=\"\" loading=\"lazy\" title=\"\" srcset=\"https:\/\/mobfood.pt\/wp-content\/uploads\/2019\/04\/reuniao-1-1024x538.jpg 1024w, https:\/\/mobfood.pt\/wp-content\/uploads\/2019\/04\/reuniao-1-300x158.jpg 300w, https:\/\/mobfood.pt\/wp-content\/uploads\/2019\/04\/reuniao-1-768x403.jpg 768w, https:\/\/mobfood.pt\/wp-content\/uploads\/2019\/04\/reuniao-1.jpg 1200w\" sizes=\"(max-width: 1024px) 100vw, 1024px\" \/><\/span><\/a>\t\t\t\t\t\r\n\t\t\t\t\t\t\t\t\t\t\t\r\n\t\t\t\t\t\t\r\n\t\t\t\t\t\t\t\r\n\t\t\t\t\t\t<span class=\"meta-category\"><a class=\"uncategorized\" href=\"https:\/\/mobfood.pt\/en\/category\/uncategorized\/\">Uncategorized<\/a><\/span>\r\n\t\t\t\t\t\t<div class=\"article-content-wrap\">\r\n\t\t\t\t\t\t\t\r\n\t\t\t\t\t\t\t\t\t\t\t\t\t\t\t\t\t\t\r\n\t\t\t\t\t\t\t<div class=\"post-header\">\r\n\t\t\t\t\t\t\t\t\t\r\n\t\t\t\t\t\t\t\t<h3 class=\"title\">\r\n\t\t\t\t\t\t\t\t\t \r\n\t\t\t\t\t\t\t\t\t\t<a href=\"https:\/\/mobfood.pt\/en\/2nd-plenary-meeting-coimbra-university\/\">\t\t\t\t\t\t\t\t\t\t\t2nd Plenary Meeting @Coimbra University\t\t\t\t\t\t\t\t\t\t <\/a> \r\n\t\t\t\t\t\t\t\t\t\t\t\t\t\t\t\t\t<\/h3>\r\n\r\n\t\t\t\t\t\t\t\t\t\t\t\t\t\t\t<\/div><!--\/post-header-->\r\n\t\t\t\t\t\t<div class=\"excerpt\">On September 19, 2018, the 2nd plenary meeting of the MobFood Project took place at&hellip;<\/div><div class=\"grav-wrap\"><a href=\"https:\/\/mobfood.pt\/en\/author\/brandit\/\"><\/a><div class=\"text\"><a href=\"https:\/\/mobfood.pt\/en\/author\/brandit\/\" rel=\"author\">brandit<\/a><span>20 September, 2018<\/span><\/div><\/div>\t\t\t\t\t\t\t\r\n\t\t\t\t\t\t<\/div><!--article-content-wrap-->\r\n\r\n\t\t\t\t\t\t\t\t\t\t\r\n\t\t\t\t   \r\n\t\t\t\t\t\t\t\t\t\t\r\n\t\t\t\t\t\t\t\t\t\t\t\r\n\t\t\t\t<\/div><!--\/content-inner-->\r\n\r\n\t\t\t\t\t\t\r\n\t\t<\/div><!--\/post-content-->\r\n\r\n\t<\/div><!--\/inner-wrap-->\r\n\t\t\r\n<\/article><!--\/article-->\r\n\t\t\t\t\t\t\t\r\n\t\t\t\t\r\n<article id=\"post-1094\" class=\"regular video post-1094 post type-post status-publish format-video has-post-thumbnail category-video-en post_format-post-format-video\">\r\n\t\r\n\t<div class=\"inner-wrap animated\">\r\n\r\n\t\t<div class=\"post-content\">\r\n\t\t\t\r\n\t\t\t\t\t\t\t\t\r\n\t\t\t\t\t\t\t\t\r\n\t\t\t\r\n\t\t\t<a class=\"img-link\" href=\"https:\/\/mobfood.pt\/en\/kick-off-meeting-portugalfoods\/\"><span class=\"post-featured-img\"><span class=\"video-play-button\"><svg version=\"1.1\" xmlns=\"http:\/\/www.w3.org\/2000\/svg\" xmlns:xlink=\"http:\/\/www.w3.org\/1999\/xlink\" width=\"600px\" height=\"800px\" x=\"0px\" y=\"0px\" viewBox=\"0 0 600 800\" enable-background=\"new 0 0 600 800\" xml:space=\"preserve\"><path fill=\"none\" d=\"M0-1.79v800L600,395L0-1.79z\"><\/path> <\/svg><\/span><span class=\"wrap\"><img width=\"1024\" height=\"576\" src=\"https:\/\/mobfood.pt\/wp-content\/uploads\/2019\/06\/maxresdefault-1024x576.jpg\" class=\"attachment-large size-large wp-post-image\" alt=\"Reuni\u00e3o PPS4\" loading=\"lazy\" title=\"\" srcset=\"https:\/\/mobfood.pt\/wp-content\/uploads\/2019\/06\/maxresdefault-1024x576.jpg 1024w, https:\/\/mobfood.pt\/wp-content\/uploads\/2019\/06\/maxresdefault-300x169.jpg 300w, https:\/\/mobfood.pt\/wp-content\/uploads\/2019\/06\/maxresdefault-768x432.jpg 768w, https:\/\/mobfood.pt\/wp-content\/uploads\/2019\/06\/maxresdefault.jpg 1280w\" sizes=\"(max-width: 1024px) 100vw, 1024px\" \/><\/span><\/span><\/a>\t\t\t\r\n\t\t\t\t\t\t\r\n\t\t\t<div class=\"content-inner\">\r\n\t\t\t\t\t\r\n\t\t\t\t <a class=\"entire-meta-link\" href=\"https:\/\/mobfood.pt\/en\/kick-off-meeting-portugalfoods\/\"><\/a>\t\t        \r\n\t\t         \r\n\r\n\t\t        \t<span class=\"meta-category\"><a class=\"video-en\" href=\"https:\/\/mobfood.pt\/en\/category\/video-en\/\">Video<\/a><\/span>\r\n\t\t        \t<div class=\"article-content-wrap\">\r\n\t\t\t\t\t\t\r\n\t\t\t\t\t\t\t\t\t\t\t\t\t\t\t\t\r\n\t\t\t\t\t\t\r\n\t\t\t\t\t\t<div class=\"post-header\">\r\n\t\t\t\t\t\t\t\t\r\n\t\t\t\t\t\t\t<h3 class=\"title\">\r\n\t\t\t\t\t\t\t\t \r\n\t\t\t\t\t\t\t\t\t<a href=\"https:\/\/mobfood.pt\/en\/kick-off-meeting-portugalfoods\/\">\t\t\t\t\t\t\t\t\t\tKick-off Meeting @PortugalFoods\t\t\t\t\t\t\t\t\t <\/a> \r\n\t\t\t\t\t\t\t\t\t\t\t\t\t\t\t<\/h3>\r\n\r\n\t\t\t\t\t\t\t\t\t\t\t\t\t<\/div><!--\/post-header-->\r\n\r\n\t\t\t\t<div class=\"excerpt\">On October 27, 2017, the kick-off was given to MobFood.<\/div><div class=\"grav-wrap\"><a href=\"https:\/\/mobfood.pt\/en\/author\/brandit\/\"><\/a><div class=\"text\"><a href=\"https:\/\/mobfood.pt\/en\/author\/brandit\/\" rel=\"author\">brandit<\/a><span>28 October, 2017<\/span><\/div><\/div>\r\n\t\t\t\t\t<\/div><!--article-content-wrap-->\r\n\t\t\t\t\t\r\n\t\t\t\t\t\t\t\t\r\n\t\t\t   \r\n\t\t\t\t\t\t\t\t\r\n\t\t\t\t\t\t\t\t\r\n\t\t\t<\/div><!--\/content-inner-->\r\n\r\n\t\t\t\t\t\t\r\n\t\t<\/div><!--\/post-content-->\r\n\r\n\t<\/div><!--\/inner-wrap-->\r\n\t\t\r\n<\/article><!--\/article-->\r\n\t\t\t\t\t\t\r\n\t\t\t<\/div><!--\/posts container-->\r\n\t\t\t\r\n\t\t\t\t\t\r\n\t\t<\/div><!--\/span_9-->\r\n\t\t\r\n\t\t\r\n\t<\/div>\r\n\t\r\n\t[\/vc_column][\/vc_row]\n","protected":false},"excerpt":{"rendered":"<p>[vc_row type=&#8221;in_container&#8221; full_screen_row_position=&#8221;middle&#8221; scene_position=&#8221;center&#8221; text_color=&#8221;dark&#8221; text_align=&#8221;left&#8221; top_padding=&#8221;40&#8243; overlay_strength=&#8221;0.3&#8243; shape_divider_position=&#8221;bottom&#8221; shape_type=&#8221;&#8221;][vc_column column_padding=&#8221;no-extra-padding&#8221; column_padding_position=&#8221;all&#8221; background_color_opacity=&#8221;1&#8243; background_hover_color_opacity=&#8221;1&#8243; column_shadow=&#8221;none&#8221; column_border_radius=&#8221;none&#8221; width=&#8221;1\/1&#8243; tablet_text_alignment=&#8221;default&#8221; phone_text_alignment=&#8221;default&#8221; column_border_width=&#8221;none&#8221; column_border_style=&#8221;solid&#8221;][\/vc_column][\/vc_row]<\/p>\n","protected":false},"author":1,"featured_media":0,"parent":0,"menu_order":0,"comment_status":"closed","ping_status":"closed","template":"","meta":[],"acf":[],"yoast_head":"<!-- This site is optimized with the Yoast SEO plugin v18.4.1 - https:\/\/yoast.com\/wordpress\/plugins\/seo\/ -->\n<title>News - Mobfood<\/title>\n<meta name=\"robots\" content=\"index, follow, max-snippet:-1, max-image-preview:large, max-video-preview:-1\" \/>\n<link rel=\"canonical\" href=\"https:\/\/mobfood.pt\/en\/news\/\" \/>\n<meta property=\"og:locale\" content=\"en_US\" \/>\n<meta property=\"og:type\" content=\"article\" \/>\n<meta property=\"og:title\" content=\"News - Mobfood\" \/>\n<meta property=\"og:description\" content=\"[vc_row type=&#8221;in_container&#8221; full_screen_row_position=&#8221;middle&#8221; scene_position=&#8221;center&#8221; text_color=&#8221;dark&#8221; text_align=&#8221;left&#8221; top_padding=&#8221;40&#8243; overlay_strength=&#8221;0.3&#8243; shape_divider_position=&#8221;bottom&#8221; shape_type=&#8221;&#8221;][vc_column column_padding=&#8221;no-extra-padding&#8221; column_padding_position=&#8221;all&#8221; background_color_opacity=&#8221;1&#8243; background_hover_color_opacity=&#8221;1&#8243; column_shadow=&#8221;none&#8221; column_border_radius=&#8221;none&#8221; width=&#8221;1\/1&#8243; tablet_text_alignment=&#8221;default&#8221; phone_text_alignment=&#8221;default&#8221; column_border_width=&#8221;none&#8221; column_border_style=&#8221;solid&#8221;][\/vc_column][\/vc_row]\" \/>\n<meta property=\"og:url\" content=\"https:\/\/mobfood.pt\/en\/news\/\" \/>\n<meta property=\"og:site_name\" content=\"Mobfood\" \/>\n<meta property=\"article:publisher\" content=\"https:\/\/pt-pt.facebook.com\/PortugalFoodsOficial\/\" \/>\n<meta property=\"article:modified_time\" content=\"2019-09-02T10:17:01+00:00\" \/>\n<meta name=\"twitter:card\" content=\"summary_large_image\" \/>\n<meta name=\"twitter:label1\" content=\"Est. reading time\" \/>\n\t<meta name=\"twitter:data1\" content=\"1 minute\" \/>\n<script type=\"application\/ld+json\" class=\"yoast-schema-graph\">{\"@context\":\"https:\/\/schema.org\",\"@graph\":[{\"@type\":\"Organization\",\"@id\":\"https:\/\/mobfood.pt\/#organization\",\"name\":\"MOBFOOD\",\"url\":\"https:\/\/mobfood.pt\/\",\"sameAs\":[\"https:\/\/pt-pt.facebook.com\/PortugalFoodsOficial\/\",\"https:\/\/pt.linkedin.com\/company\/portugalfoods\",\"https:\/\/www.youtube.com\/channel\/UC_sZ9czcow_hNdn9Ia5BhiA\"],\"logo\":{\"@type\":\"ImageObject\",\"@id\":\"https:\/\/mobfood.pt\/#logo\",\"inLanguage\":\"en-US\",\"url\":\"https:\/\/mobfood.pt\/wp-content\/uploads\/2018\/10\/mobfood-logo.png\",\"contentUrl\":\"https:\/\/mobfood.pt\/wp-content\/uploads\/2018\/10\/mobfood-logo.png\",\"width\":512,\"height\":512,\"caption\":\"MOBFOOD\"},\"image\":{\"@id\":\"https:\/\/mobfood.pt\/#logo\"}},{\"@type\":\"WebSite\",\"@id\":\"https:\/\/mobfood.pt\/#website\",\"url\":\"https:\/\/mobfood.pt\/\",\"name\":\"Mobfood\",\"description\":\"Mobiliza\u00e7\u00e3o do Conhecimento Cientifico e Tecnol\u00f3gico em resposta aos Desafios do Mercado Agroalimentar\",\"publisher\":{\"@id\":\"https:\/\/mobfood.pt\/#organization\"},\"potentialAction\":[{\"@type\":\"SearchAction\",\"target\":{\"@type\":\"EntryPoint\",\"urlTemplate\":\"https:\/\/mobfood.pt\/?s={search_term_string}\"},\"query-input\":\"required name=search_term_string\"}],\"inLanguage\":\"en-US\"},{\"@type\":\"WebPage\",\"@id\":\"https:\/\/mobfood.pt\/en\/news\/#webpage\",\"url\":\"https:\/\/mobfood.pt\/en\/news\/\",\"name\":\"News - Mobfood\",\"isPartOf\":{\"@id\":\"https:\/\/mobfood.pt\/#website\"},\"datePublished\":\"2019-04-24T14:45:23+00:00\",\"dateModified\":\"2019-09-02T10:17:01+00:00\",\"breadcrumb\":{\"@id\":\"https:\/\/mobfood.pt\/en\/news\/#breadcrumb\"},\"inLanguage\":\"en-US\",\"potentialAction\":[{\"@type\":\"ReadAction\",\"target\":[\"https:\/\/mobfood.pt\/en\/news\/\"]}]},{\"@type\":\"BreadcrumbList\",\"@id\":\"https:\/\/mobfood.pt\/en\/news\/#breadcrumb\",\"itemListElement\":[{\"@type\":\"ListItem\",\"position\":1,\"name\":\"In\u00edcio\",\"item\":\"https:\/\/mobfood.pt\/en\/\"},{\"@type\":\"ListItem\",\"position\":2,\"name\":\"News\"}]}]}<\/script>\n<!-- \/ Yoast SEO plugin. -->","yoast_head_json":{"title":"News - Mobfood","robots":{"index":"index","follow":"follow","max-snippet":"max-snippet:-1","max-image-preview":"max-image-preview:large","max-video-preview":"max-video-preview:-1"},"canonical":"https:\/\/mobfood.pt\/en\/news\/","og_locale":"en_US","og_type":"article","og_title":"News - Mobfood","og_description":"[vc_row type=&#8221;in_container&#8221; full_screen_row_position=&#8221;middle&#8221; scene_position=&#8221;center&#8221; text_color=&#8221;dark&#8221; text_align=&#8221;left&#8221; top_padding=&#8221;40&#8243; overlay_strength=&#8221;0.3&#8243; shape_divider_position=&#8221;bottom&#8221; shape_type=&#8221;&#8221;][vc_column column_padding=&#8221;no-extra-padding&#8221; column_padding_position=&#8221;all&#8221; background_color_opacity=&#8221;1&#8243; background_hover_color_opacity=&#8221;1&#8243; column_shadow=&#8221;none&#8221; column_border_radius=&#8221;none&#8221; width=&#8221;1\/1&#8243; tablet_text_alignment=&#8221;default&#8221; phone_text_alignment=&#8221;default&#8221; column_border_width=&#8221;none&#8221; column_border_style=&#8221;solid&#8221;][\/vc_column][\/vc_row]","og_url":"https:\/\/mobfood.pt\/en\/news\/","og_site_name":"Mobfood","article_publisher":"https:\/\/pt-pt.facebook.com\/PortugalFoodsOficial\/","article_modified_time":"2019-09-02T10:17:01+00:00","twitter_card":"summary_large_image","twitter_misc":{"Est. reading time":"1 minute"},"schema":{"@context":"https:\/\/schema.org","@graph":[{"@type":"Organization","@id":"https:\/\/mobfood.pt\/#organization","name":"MOBFOOD","url":"https:\/\/mobfood.pt\/","sameAs":["https:\/\/pt-pt.facebook.com\/PortugalFoodsOficial\/","https:\/\/pt.linkedin.com\/company\/portugalfoods","https:\/\/www.youtube.com\/channel\/UC_sZ9czcow_hNdn9Ia5BhiA"],"logo":{"@type":"ImageObject","@id":"https:\/\/mobfood.pt\/#logo","inLanguage":"en-US","url":"https:\/\/mobfood.pt\/wp-content\/uploads\/2018\/10\/mobfood-logo.png","contentUrl":"https:\/\/mobfood.pt\/wp-content\/uploads\/2018\/10\/mobfood-logo.png","width":512,"height":512,"caption":"MOBFOOD"},"image":{"@id":"https:\/\/mobfood.pt\/#logo"}},{"@type":"WebSite","@id":"https:\/\/mobfood.pt\/#website","url":"https:\/\/mobfood.pt\/","name":"Mobfood","description":"Mobiliza\u00e7\u00e3o do Conhecimento Cientifico e Tecnol\u00f3gico em resposta aos Desafios do Mercado Agroalimentar","publisher":{"@id":"https:\/\/mobfood.pt\/#organization"},"potentialAction":[{"@type":"SearchAction","target":{"@type":"EntryPoint","urlTemplate":"https:\/\/mobfood.pt\/?s={search_term_string}"},"query-input":"required name=search_term_string"}],"inLanguage":"en-US"},{"@type":"WebPage","@id":"https:\/\/mobfood.pt\/en\/news\/#webpage","url":"https:\/\/mobfood.pt\/en\/news\/","name":"News - Mobfood","isPartOf":{"@id":"https:\/\/mobfood.pt\/#website"},"datePublished":"2019-04-24T14:45:23+00:00","dateModified":"2019-09-02T10:17:01+00:00","breadcrumb":{"@id":"https:\/\/mobfood.pt\/en\/news\/#breadcrumb"},"inLanguage":"en-US","potentialAction":[{"@type":"ReadAction","target":["https:\/\/mobfood.pt\/en\/news\/"]}]},{"@type":"BreadcrumbList","@id":"https:\/\/mobfood.pt\/en\/news\/#breadcrumb","itemListElement":[{"@type":"ListItem","position":1,"name":"In\u00edcio","item":"https:\/\/mobfood.pt\/en\/"},{"@type":"ListItem","position":2,"name":"News"}]}]}},"_links":{"self":[{"href":"https:\/\/mobfood.pt\/en\/wp-json\/wp\/v2\/pages\/1046"}],"collection":[{"href":"https:\/\/mobfood.pt\/en\/wp-json\/wp\/v2\/pages"}],"about":[{"href":"https:\/\/mobfood.pt\/en\/wp-json\/wp\/v2\/types\/page"}],"author":[{"embeddable":true,"href":"https:\/\/mobfood.pt\/en\/wp-json\/wp\/v2\/users\/1"}],"replies":[{"embeddable":true,"href":"https:\/\/mobfood.pt\/en\/wp-json\/wp\/v2\/comments?post=1046"}],"version-history":[{"count":2,"href":"https:\/\/mobfood.pt\/en\/wp-json\/wp\/v2\/pages\/1046\/revisions"}],"predecessor-version":[{"id":1048,"href":"https:\/\/mobfood.pt\/en\/wp-json\/wp\/v2\/pages\/1046\/revisions\/1048"}],"wp:attachment":[{"href":"https:\/\/mobfood.pt\/en\/wp-json\/wp\/v2\/media?parent=1046"}],"curies":[{"name":"wp","href":"https:\/\/api.w.org\/{rel}","templated":true}]}}