{"id":1049,"date":"2018-07-30T13:32:57","date_gmt":"2018-07-30T13:32:57","guid":{"rendered":"https:\/\/mobfood.pt\/pagina-inicial\/"},"modified":"2019-08-08T11:51:09","modified_gmt":"2019-08-08T11:51:09","slug":"pagina-inicial","status":"publish","type":"page","link":"https:\/\/mobfood.pt\/en\/","title":{"rendered":"Home"},"content":{"rendered":"[vc_row type=&#8221;full_width_background&#8221; full_screen_row_position=&#8221;middle&#8221; bg_image=&#8221;362&#8243; bg_position=&#8221;left top&#8221; bg_repeat=&#8221;no-repeat&#8221; parallax_bg=&#8221;true&#8221; parallax_bg_speed=&#8221;fast&#8221; bg_color=&#8221;#333333&#8243; scene_position=&#8221;center&#8221; video_bg=&#8221;use_video&#8221; video_mute=&#8221;true&#8221; text_color=&#8221;light&#8221; text_align=&#8221;left&#8221; top_padding=&#8221;13%&#8221; bottom_padding=&#8221;13%&#8221; color_overlay=&#8221;#0a0a0a&#8221; overlay_strength=&#8221;0.3&#8243; shape_divider_position=&#8221;bottom&#8221; shape_type=&#8221;&#8221;][vc_column column_padding=&#8221;no-extra-padding&#8221; column_padding_position=&#8221;all&#8221; background_color_opacity=&#8221;1&#8243; background_hover_color_opacity=&#8221;1&#8243; column_shadow=&#8221;none&#8221; column_border_radius=&#8221;none&#8221; width=&#8221;2\/3&#8243; tablet_text_alignment=&#8221;default&#8221; phone_text_alignment=&#8221;default&#8221; column_border_width=&#8221;none&#8221; column_border_style=&#8221;solid&#8221;][vc_custom_heading text=&#8221;MOBFOOD&#8221; font_container=&#8221;tag:h5|font_size:14px|text_align:left|color:%239dc122|line_height:21px&#8221; use_theme_fonts=&#8221;yes&#8221; css_animation=&#8221;fadeInUp&#8221;][split_line_heading]\n<h2>Mobilizing scientific and technological knowledge in response to the challenges of the agri-food market.<\/h2>\n[\/split_line_heading][nectar_btn size=&#8221;medium&#8221; button_style=&#8221;see-through-2&#8243; hover_color_override=&#8221;#9dc122&#8243; hover_text_color_override=&#8221;#ffffff&#8221; icon_family=&#8221;fontawesome&#8221; text=&#8221;READ MORE&#8221; icon_fontawesome=&#8221;fa fa-plus&#8221; url=&#8221;https:\/\/mobfood.pt\/en\/project&#8221;][\/vc_column][vc_column column_padding=&#8221;no-extra-padding&#8221; column_padding_position=&#8221;all&#8221; background_color_opacity=&#8221;1&#8243; background_hover_color_opacity=&#8221;1&#8243; column_shadow=&#8221;none&#8221; column_border_radius=&#8221;none&#8221; width=&#8221;1\/3&#8243; tablet_text_alignment=&#8221;default&#8221; phone_text_alignment=&#8221;default&#8221; column_border_width=&#8221;none&#8221; column_border_style=&#8221;solid&#8221;][\/vc_column][\/vc_row]\n","protected":false},"excerpt":{"rendered":"<p>[vc_row type=&#8221;full_width_background&#8221; full_screen_row_position=&#8221;middle&#8221; bg_image=&#8221;362&#8243; bg_position=&#8221;left top&#8221; bg_repeat=&#8221;no-repeat&#8221; parallax_bg=&#8221;true&#8221; parallax_bg_speed=&#8221;fast&#8221; bg_color=&#8221;#333333&#8243; scene_position=&#8221;center&#8221; video_bg=&#8221;use_video&#8221; video_mute=&#8221;true&#8221; text_color=&#8221;light&#8221; text_align=&#8221;left&#8221; top_padding=&#8221;13%&#8221; bottom_padding=&#8221;13%&#8221; color_overlay=&#8221;#0a0a0a&#8221; overlay_strength=&#8221;0.3&#8243; shape_divider_position=&#8221;bottom&#8221; shape_type=&#8221;&#8221;][vc_column column_padding=&#8221;no-extra-padding&#8221; column_padding_position=&#8221;all&#8221; background_color_opacity=&#8221;1&#8243; background_hover_color_opacity=&#8221;1&#8243; column_shadow=&#8221;none&#8221; column_border_radius=&#8221;none&#8221; width=&#8221;2\/3&#8243; tablet_text_alignment=&#8221;default&#8221; phone_text_alignment=&#8221;default&#8221;&#8230;<\/p>\n","protected":false},"author":1,"featured_media":925,"parent":0,"menu_order":0,"comment_status":"closed","ping_status":"closed","template":"","meta":[],"acf":[],"yoast_head":"<!-- This site is optimized with the Yoast SEO plugin v18.4.1 - https:\/\/yoast.com\/wordpress\/plugins\/seo\/ -->\n<title>Mobfood<\/title>\n<meta name=\"description\" content=\"MobFood - Mobilizing scientific and technological knowledge in response to the challenges of the agri-food market.\" \/>\n<meta name=\"robots\" content=\"index, follow, max-snippet:-1, max-image-preview:large, max-video-preview:-1\" \/>\n<link rel=\"canonical\" href=\"https:\/\/mobfood.pt\/en\/\" \/>\n<meta property=\"og:locale\" content=\"en_US\" \/>\n<meta property=\"og:type\" content=\"article\" \/>\n<meta property=\"og:title\" content=\"Mobfood\" \/>\n<meta property=\"og:description\" content=\"MobFood - Mobilizing scientific and technological knowledge in response to the challenges of the agri-food market.\" \/>\n<meta property=\"og:url\" content=\"https:\/\/mobfood.pt\/en\/\" \/>\n<meta property=\"og:site_name\" content=\"Mobfood\" \/>\n<meta property=\"article:publisher\" content=\"https:\/\/pt-pt.facebook.com\/PortugalFoodsOficial\/\" \/>\n<meta property=\"article:modified_time\" content=\"2019-08-08T11:51:09+00:00\" \/>\n<meta property=\"og:image\" content=\"https:\/\/mobfood.pt\/wp-content\/uploads\/2019\/07\/mobfood-share.jpg\" \/>\n\t<meta property=\"og:image:width\" content=\"1200\" \/>\n\t<meta property=\"og:image:height\" content=\"630\" \/>\n\t<meta property=\"og:image:type\" content=\"image\/jpeg\" \/>\n<meta name=\"twitter:card\" content=\"summary_large_image\" \/>\n<meta name=\"twitter:label1\" content=\"Est. reading time\" \/>\n\t<meta name=\"twitter:data1\" content=\"1 minute\" \/>\n<script type=\"application\/ld+json\" class=\"yoast-schema-graph\">{\"@context\":\"https:\/\/schema.org\",\"@graph\":[{\"@type\":\"Organization\",\"@id\":\"https:\/\/mobfood.pt\/#organization\",\"name\":\"MOBFOOD\",\"url\":\"https:\/\/mobfood.pt\/\",\"sameAs\":[\"https:\/\/pt-pt.facebook.com\/PortugalFoodsOficial\/\",\"https:\/\/pt.linkedin.com\/company\/portugalfoods\",\"https:\/\/www.youtube.com\/channel\/UC_sZ9czcow_hNdn9Ia5BhiA\"],\"logo\":{\"@type\":\"ImageObject\",\"@id\":\"https:\/\/mobfood.pt\/#logo\",\"inLanguage\":\"en-US\",\"url\":\"https:\/\/mobfood.pt\/wp-content\/uploads\/2018\/10\/mobfood-logo.png\",\"contentUrl\":\"https:\/\/mobfood.pt\/wp-content\/uploads\/2018\/10\/mobfood-logo.png\",\"width\":512,\"height\":512,\"caption\":\"MOBFOOD\"},\"image\":{\"@id\":\"https:\/\/mobfood.pt\/#logo\"}},{\"@type\":\"WebSite\",\"@id\":\"https:\/\/mobfood.pt\/#website\",\"url\":\"https:\/\/mobfood.pt\/\",\"name\":\"Mobfood\",\"description\":\"Mobiliza\u00e7\u00e3o do Conhecimento Cientifico e Tecnol\u00f3gico em resposta aos Desafios do Mercado Agroalimentar\",\"publisher\":{\"@id\":\"https:\/\/mobfood.pt\/#organization\"},\"potentialAction\":[{\"@type\":\"SearchAction\",\"target\":{\"@type\":\"EntryPoint\",\"urlTemplate\":\"https:\/\/mobfood.pt\/?s={search_term_string}\"},\"query-input\":\"required name=search_term_string\"}],\"inLanguage\":\"en-US\"},{\"@type\":\"ImageObject\",\"@id\":\"https:\/\/mobfood.pt\/en\/#primaryimage\",\"inLanguage\":\"en-US\",\"url\":\"https:\/\/mobfood.pt\/wp-content\/uploads\/2019\/07\/mobfood-share.jpg\",\"contentUrl\":\"https:\/\/mobfood.pt\/wp-content\/uploads\/2019\/07\/mobfood-share.jpg\",\"width\":1200,\"height\":630},{\"@type\":\"WebPage\",\"@id\":\"https:\/\/mobfood.pt\/en\/#webpage\",\"url\":\"https:\/\/mobfood.pt\/en\/\",\"name\":\"Mobfood\",\"isPartOf\":{\"@id\":\"https:\/\/mobfood.pt\/#website\"},\"primaryImageOfPage\":{\"@id\":\"https:\/\/mobfood.pt\/en\/#primaryimage\"},\"datePublished\":\"2018-07-30T13:32:57+00:00\",\"dateModified\":\"2019-08-08T11:51:09+00:00\",\"description\":\"MobFood - Mobilizing scientific and technological knowledge in response to the challenges of the agri-food market.\",\"breadcrumb\":{\"@id\":\"https:\/\/mobfood.pt\/en\/#breadcrumb\"},\"inLanguage\":\"en-US\",\"potentialAction\":[{\"@type\":\"ReadAction\",\"target\":[\"https:\/\/mobfood.pt\/en\/\"]}]},{\"@type\":\"BreadcrumbList\",\"@id\":\"https:\/\/mobfood.pt\/en\/#breadcrumb\",\"itemListElement\":[{\"@type\":\"ListItem\",\"position\":1,\"name\":\"In\u00edcio\",\"item\":\"https:\/\/mobfood.pt\/en\/\"},{\"@type\":\"ListItem\",\"position\":2,\"name\":\"Home\"}]}]}<\/script>\n<!-- \/ Yoast SEO plugin. -->","yoast_head_json":{"title":"Mobfood","description":"MobFood - Mobilizing scientific and technological knowledge in response to the challenges of the agri-food market.","robots":{"index":"index","follow":"follow","max-snippet":"max-snippet:-1","max-image-preview":"max-image-preview:large","max-video-preview":"max-video-preview:-1"},"canonical":"https:\/\/mobfood.pt\/en\/","og_locale":"en_US","og_type":"article","og_title":"Mobfood","og_description":"MobFood - Mobilizing scientific and technological knowledge in response to the challenges of the agri-food market.","og_url":"https:\/\/mobfood.pt\/en\/","og_site_name":"Mobfood","article_publisher":"https:\/\/pt-pt.facebook.com\/PortugalFoodsOficial\/","article_modified_time":"2019-08-08T11:51:09+00:00","og_image":[{"width":1200,"height":630,"url":"https:\/\/mobfood.pt\/wp-content\/uploads\/2019\/07\/mobfood-share.jpg","type":"image\/jpeg"}],"twitter_card":"summary_large_image","twitter_misc":{"Est. reading time":"1 minute"},"schema":{"@context":"https:\/\/schema.org","@graph":[{"@type":"Organization","@id":"https:\/\/mobfood.pt\/#organization","name":"MOBFOOD","url":"https:\/\/mobfood.pt\/","sameAs":["https:\/\/pt-pt.facebook.com\/PortugalFoodsOficial\/","https:\/\/pt.linkedin.com\/company\/portugalfoods","https:\/\/www.youtube.com\/channel\/UC_sZ9czcow_hNdn9Ia5BhiA"],"logo":{"@type":"ImageObject","@id":"https:\/\/mobfood.pt\/#logo","inLanguage":"en-US","url":"https:\/\/mobfood.pt\/wp-content\/uploads\/2018\/10\/mobfood-logo.png","contentUrl":"https:\/\/mobfood.pt\/wp-content\/uploads\/2018\/10\/mobfood-logo.png","width":512,"height":512,"caption":"MOBFOOD"},"image":{"@id":"https:\/\/mobfood.pt\/#logo"}},{"@type":"WebSite","@id":"https:\/\/mobfood.pt\/#website","url":"https:\/\/mobfood.pt\/","name":"Mobfood","description":"Mobiliza\u00e7\u00e3o do Conhecimento Cientifico e Tecnol\u00f3gico em resposta aos Desafios do Mercado Agroalimentar","publisher":{"@id":"https:\/\/mobfood.pt\/#organization"},"potentialAction":[{"@type":"SearchAction","target":{"@type":"EntryPoint","urlTemplate":"https:\/\/mobfood.pt\/?s={search_term_string}"},"query-input":"required name=search_term_string"}],"inLanguage":"en-US"},{"@type":"ImageObject","@id":"https:\/\/mobfood.pt\/en\/#primaryimage","inLanguage":"en-US","url":"https:\/\/mobfood.pt\/wp-content\/uploads\/2019\/07\/mobfood-share.jpg","contentUrl":"https:\/\/mobfood.pt\/wp-content\/uploads\/2019\/07\/mobfood-share.jpg","width":1200,"height":630},{"@type":"WebPage","@id":"https:\/\/mobfood.pt\/en\/#webpage","url":"https:\/\/mobfood.pt\/en\/","name":"Mobfood","isPartOf":{"@id":"https:\/\/mobfood.pt\/#website"},"primaryImageOfPage":{"@id":"https:\/\/mobfood.pt\/en\/#primaryimage"},"datePublished":"2018-07-30T13:32:57+00:00","dateModified":"2019-08-08T11:51:09+00:00","description":"MobFood - Mobilizing scientific and technological knowledge in response to the challenges of the agri-food market.","breadcrumb":{"@id":"https:\/\/mobfood.pt\/en\/#breadcrumb"},"inLanguage":"en-US","potentialAction":[{"@type":"ReadAction","target":["https:\/\/mobfood.pt\/en\/"]}]},{"@type":"BreadcrumbList","@id":"https:\/\/mobfood.pt\/en\/#breadcrumb","itemListElement":[{"@type":"ListItem","position":1,"name":"In\u00edcio","item":"https:\/\/mobfood.pt\/en\/"},{"@type":"ListItem","position":2,"name":"Home"}]}]}},"_links":{"self":[{"href":"https:\/\/mobfood.pt\/en\/wp-json\/wp\/v2\/pages\/1049"}],"collection":[{"href":"https:\/\/mobfood.pt\/en\/wp-json\/wp\/v2\/pages"}],"about":[{"href":"https:\/\/mobfood.pt\/en\/wp-json\/wp\/v2\/types\/page"}],"author":[{"embeddable":true,"href":"https:\/\/mobfood.pt\/en\/wp-json\/wp\/v2\/users\/1"}],"replies":[{"embeddable":true,"href":"https:\/\/mobfood.pt\/en\/wp-json\/wp\/v2\/comments?post=1049"}],"version-history":[{"count":3,"href":"https:\/\/mobfood.pt\/en\/wp-json\/wp\/v2\/pages\/1049\/revisions"}],"predecessor-version":[{"id":1164,"href":"https:\/\/mobfood.pt\/en\/wp-json\/wp\/v2\/pages\/1049\/revisions\/1164"}],"wp:featuredmedia":[{"embeddable":true,"href":"https:\/\/mobfood.pt\/en\/wp-json\/wp\/v2\/media\/925"}],"wp:attachment":[{"href":"https:\/\/mobfood.pt\/en\/wp-json\/wp\/v2\/media?parent=1049"}],"curies":[{"name":"wp","href":"https:\/\/api.w.org\/{rel}","templated":true}]}}