{"id":1064,"date":"2019-03-20T15:56:24","date_gmt":"2019-03-20T15:56:24","guid":{"rendered":"https:\/\/mobfood.pt\/consorcio\/"},"modified":"2019-08-07T16:21:15","modified_gmt":"2019-08-07T16:21:15","slug":"consortium","status":"publish","type":"page","link":"https:\/\/mobfood.pt\/en\/consortium\/","title":{"rendered":"Consortium"},"content":{"rendered":"","protected":false},"excerpt":{"rendered":"","protected":false},"author":1,"featured_media":0,"parent":0,"menu_order":0,"comment_status":"closed","ping_status":"closed","template":"page-empresas.php","meta":[],"acf":[],"yoast_head":"<!-- This site is optimized with the Yoast SEO plugin v18.4.1 - https:\/\/yoast.com\/wordpress\/plugins\/seo\/ -->\n<title>Consortium - Mobfood<\/title>\n<meta name=\"robots\" content=\"index, follow, max-snippet:-1, max-image-preview:large, max-video-preview:-1\" \/>\n<link rel=\"canonical\" href=\"https:\/\/mobfood.pt\/en\/consortium\/\" \/>\n<meta property=\"og:locale\" content=\"en_US\" \/>\n<meta property=\"og:type\" content=\"article\" \/>\n<meta property=\"og:title\" content=\"Consortium - Mobfood\" \/>\n<meta property=\"og:url\" content=\"https:\/\/mobfood.pt\/en\/consortium\/\" \/>\n<meta property=\"og:site_name\" content=\"Mobfood\" \/>\n<meta property=\"article:publisher\" content=\"https:\/\/pt-pt.facebook.com\/PortugalFoodsOficial\/\" \/>\n<meta property=\"article:modified_time\" content=\"2019-08-07T16:21:15+00:00\" \/>\n<meta name=\"twitter:card\" content=\"summary_large_image\" \/>\n<script type=\"application\/ld+json\" class=\"yoast-schema-graph\">{\"@context\":\"https:\/\/schema.org\",\"@graph\":[{\"@type\":\"Organization\",\"@id\":\"https:\/\/mobfood.pt\/#organization\",\"name\":\"MOBFOOD\",\"url\":\"https:\/\/mobfood.pt\/\",\"sameAs\":[\"https:\/\/pt-pt.facebook.com\/PortugalFoodsOficial\/\",\"https:\/\/pt.linkedin.com\/company\/portugalfoods\",\"https:\/\/www.youtube.com\/channel\/UC_sZ9czcow_hNdn9Ia5BhiA\"],\"logo\":{\"@type\":\"ImageObject\",\"@id\":\"https:\/\/mobfood.pt\/#logo\",\"inLanguage\":\"en-US\",\"url\":\"https:\/\/mobfood.pt\/wp-content\/uploads\/2018\/10\/mobfood-logo.png\",\"contentUrl\":\"https:\/\/mobfood.pt\/wp-content\/uploads\/2018\/10\/mobfood-logo.png\",\"width\":512,\"height\":512,\"caption\":\"MOBFOOD\"},\"image\":{\"@id\":\"https:\/\/mobfood.pt\/#logo\"}},{\"@type\":\"WebSite\",\"@id\":\"https:\/\/mobfood.pt\/#website\",\"url\":\"https:\/\/mobfood.pt\/\",\"name\":\"Mobfood\",\"description\":\"Mobiliza\u00e7\u00e3o do Conhecimento Cientifico e Tecnol\u00f3gico em resposta aos Desafios do Mercado Agroalimentar\",\"publisher\":{\"@id\":\"https:\/\/mobfood.pt\/#organization\"},\"potentialAction\":[{\"@type\":\"SearchAction\",\"target\":{\"@type\":\"EntryPoint\",\"urlTemplate\":\"https:\/\/mobfood.pt\/?s={search_term_string}\"},\"query-input\":\"required name=search_term_string\"}],\"inLanguage\":\"en-US\"},{\"@type\":\"WebPage\",\"@id\":\"https:\/\/mobfood.pt\/en\/consortium\/#webpage\",\"url\":\"https:\/\/mobfood.pt\/en\/consortium\/\",\"name\":\"Consortium - Mobfood\",\"isPartOf\":{\"@id\":\"https:\/\/mobfood.pt\/#website\"},\"datePublished\":\"2019-03-20T15:56:24+00:00\",\"dateModified\":\"2019-08-07T16:21:15+00:00\",\"breadcrumb\":{\"@id\":\"https:\/\/mobfood.pt\/en\/consortium\/#breadcrumb\"},\"inLanguage\":\"en-US\",\"potentialAction\":[{\"@type\":\"ReadAction\",\"target\":[\"https:\/\/mobfood.pt\/en\/consortium\/\"]}]},{\"@type\":\"BreadcrumbList\",\"@id\":\"https:\/\/mobfood.pt\/en\/consortium\/#breadcrumb\",\"itemListElement\":[{\"@type\":\"ListItem\",\"position\":1,\"name\":\"In\u00edcio\",\"item\":\"https:\/\/mobfood.pt\/en\/\"},{\"@type\":\"ListItem\",\"position\":2,\"name\":\"Consortium\"}]}]}<\/script>\n<!-- \/ Yoast SEO plugin. -->","yoast_head_json":{"title":"Consortium - Mobfood","robots":{"index":"index","follow":"follow","max-snippet":"max-snippet:-1","max-image-preview":"max-image-preview:large","max-video-preview":"max-video-preview:-1"},"canonical":"https:\/\/mobfood.pt\/en\/consortium\/","og_locale":"en_US","og_type":"article","og_title":"Consortium - Mobfood","og_url":"https:\/\/mobfood.pt\/en\/consortium\/","og_site_name":"Mobfood","article_publisher":"https:\/\/pt-pt.facebook.com\/PortugalFoodsOficial\/","article_modified_time":"2019-08-07T16:21:15+00:00","twitter_card":"summary_large_image","schema":{"@context":"https:\/\/schema.org","@graph":[{"@type":"Organization","@id":"https:\/\/mobfood.pt\/#organization","name":"MOBFOOD","url":"https:\/\/mobfood.pt\/","sameAs":["https:\/\/pt-pt.facebook.com\/PortugalFoodsOficial\/","https:\/\/pt.linkedin.com\/company\/portugalfoods","https:\/\/www.youtube.com\/channel\/UC_sZ9czcow_hNdn9Ia5BhiA"],"logo":{"@type":"ImageObject","@id":"https:\/\/mobfood.pt\/#logo","inLanguage":"en-US","url":"https:\/\/mobfood.pt\/wp-content\/uploads\/2018\/10\/mobfood-logo.png","contentUrl":"https:\/\/mobfood.pt\/wp-content\/uploads\/2018\/10\/mobfood-logo.png","width":512,"height":512,"caption":"MOBFOOD"},"image":{"@id":"https:\/\/mobfood.pt\/#logo"}},{"@type":"WebSite","@id":"https:\/\/mobfood.pt\/#website","url":"https:\/\/mobfood.pt\/","name":"Mobfood","description":"Mobiliza\u00e7\u00e3o do Conhecimento Cientifico e Tecnol\u00f3gico em resposta aos Desafios do Mercado Agroalimentar","publisher":{"@id":"https:\/\/mobfood.pt\/#organization"},"potentialAction":[{"@type":"SearchAction","target":{"@type":"EntryPoint","urlTemplate":"https:\/\/mobfood.pt\/?s={search_term_string}"},"query-input":"required name=search_term_string"}],"inLanguage":"en-US"},{"@type":"WebPage","@id":"https:\/\/mobfood.pt\/en\/consortium\/#webpage","url":"https:\/\/mobfood.pt\/en\/consortium\/","name":"Consortium - Mobfood","isPartOf":{"@id":"https:\/\/mobfood.pt\/#website"},"datePublished":"2019-03-20T15:56:24+00:00","dateModified":"2019-08-07T16:21:15+00:00","breadcrumb":{"@id":"https:\/\/mobfood.pt\/en\/consortium\/#breadcrumb"},"inLanguage":"en-US","potentialAction":[{"@type":"ReadAction","target":["https:\/\/mobfood.pt\/en\/consortium\/"]}]},{"@type":"BreadcrumbList","@id":"https:\/\/mobfood.pt\/en\/consortium\/#breadcrumb","itemListElement":[{"@type":"ListItem","position":1,"name":"In\u00edcio","item":"https:\/\/mobfood.pt\/en\/"},{"@type":"ListItem","position":2,"name":"Consortium"}]}]}},"_links":{"self":[{"href":"https:\/\/mobfood.pt\/en\/wp-json\/wp\/v2\/pages\/1064"}],"collection":[{"href":"https:\/\/mobfood.pt\/en\/wp-json\/wp\/v2\/pages"}],"about":[{"href":"https:\/\/mobfood.pt\/en\/wp-json\/wp\/v2\/types\/page"}],"author":[{"embeddable":true,"href":"https:\/\/mobfood.pt\/en\/wp-json\/wp\/v2\/users\/1"}],"replies":[{"embeddable":true,"href":"https:\/\/mobfood.pt\/en\/wp-json\/wp\/v2\/comments?post=1064"}],"version-history":[{"count":2,"href":"https:\/\/mobfood.pt\/en\/wp-json\/wp\/v2\/pages\/1064\/revisions"}],"predecessor-version":[{"id":1066,"href":"https:\/\/mobfood.pt\/en\/wp-json\/wp\/v2\/pages\/1064\/revisions\/1066"}],"wp:attachment":[{"href":"https:\/\/mobfood.pt\/en\/wp-json\/wp\/v2\/media?parent=1064"}],"curies":[{"name":"wp","href":"https:\/\/api.w.org\/{rel}","templated":true}]}}