{"id":1071,"date":"2018-10-11T14:36:10","date_gmt":"2018-10-11T14:36:10","guid":{"rendered":"https:\/\/mobfood.pt\/media\/"},"modified":"2019-08-07T16:27:47","modified_gmt":"2019-08-07T16:27:47","slug":"media","status":"publish","type":"page","link":"https:\/\/mobfood.pt\/en\/media\/","title":{"rendered":"Media"},"content":{"rendered":"[vc_row type=&#8221;in_container&#8221; full_screen_row_position=&#8221;middle&#8221; equal_height=&#8221;yes&#8221; content_placement=&#8221;top&#8221; scene_position=&#8221;center&#8221; text_color=&#8221;dark&#8221; text_align=&#8221;left&#8221; top_padding=&#8221;50&#8243; bottom_padding=&#8221;100&#8243; overlay_strength=&#8221;0.3&#8243; shape_divider_position=&#8221;bottom&#8221; shape_type=&#8221;&#8221;][vc_column column_padding=&#8221;no-extra-padding&#8221; column_padding_position=&#8221;all&#8221; background_color_opacity=&#8221;1&#8243; background_hover_color_opacity=&#8221;1&#8243; column_shadow=&#8221;none&#8221; column_border_radius=&#8221;none&#8221; width=&#8221;1\/1&#8243; tablet_text_alignment=&#8221;default&#8221; phone_text_alignment=&#8221;default&#8221; column_border_width=&#8221;none&#8221; column_border_style=&#8221;solid&#8221;]\t\t<div class=\"portfolio-filters-inline full-width-section non-fw\" data-alignment=\"center\" data-color-scheme=\"accent-color-underline\">\r\n\t\t\t<div class=\"container\">\r\n\t\t\t\t\t\t\t\t<ul>\r\n\t\t\t\t   \t\t\t\t   <li><a href=\"#\" data-filter=\"*\">All<\/a><\/li>\r\n               \t   \t\t\t\t<\/ul>\r\n\t\t\t\t<div class=\"clear\"><\/div>\r\n\t\t\t<\/div>\r\n\t\t<\/div>\r\n\t\t\r\n\t\r\n\r\n\r\n\t<div class=\"portfolio-wrap \">\r\n\t\t\t\r\n\t\t\t\r\n\t\t\t<span class=\"portfolio-loading  none\">   <\/span>\r\n\r\n\t\t\t\r\n\t\t\t\t\t\t\r\n\t\t\t<div class=\"row portfolio-items masonry-items  infinite_scroll \" data-rcp=\"false\" data-masonry-type=\"default\" data-ps=\"7\" data-starting-filter=\"default\" data-gutter=\"default\" data-categories-to-show=\"newsletters\" data-lightbox-only=\"0\" data-col-num=\"cols-3\">\r\n\t\t\t\t\r\n\t\t\t<\/div><!--\/portfolio-->\r\n\t   <\/div><!--\/portfolio wrap-->\r\n\t\t\r\n\t\t[\/vc_column][\/vc_row][vc_row type=&#8221;in_container&#8221; full_screen_row_position=&#8221;middle&#8221; scene_position=&#8221;center&#8221; text_color=&#8221;dark&#8221; text_align=&#8221;left&#8221; top_padding=&#8221;150&#8243; bottom_padding=&#8221;250&#8243; disable_element=&#8221;yes&#8221; overlay_strength=&#8221;0.3&#8243; shape_divider_position=&#8221;bottom&#8221; shape_type=&#8221;&#8221;][vc_column column_padding=&#8221;no-extra-padding&#8221; column_padding_position=&#8221;all&#8221; background_color=&#8221;#9dc122&#8243; background_color_opacity=&#8221;1&#8243; background_color_hover=&#8221;#9dc122&#8243; background_hover_color_opacity=&#8221;1&#8243; font_color=&#8221;#ffffff&#8221; column_shadow=&#8221;none&#8221; column_border_radius=&#8221;none&#8221; el_class=&#8221;container-mailchimp&#8221; width=&#8221;5\/6&#8243; tablet_text_alignment=&#8221;default&#8221; phone_text_alignment=&#8221;default&#8221; column_border_width=&#8221;none&#8221; column_border_style=&#8221;solid&#8221;]<script>(function() {\n\twindow.mc4wp = window.mc4wp || {\n\t\tlisteners: [],\n\t\tforms: {\n\t\t\ton: function(evt, cb) {\n\t\t\t\twindow.mc4wp.listeners.push(\n\t\t\t\t\t{\n\t\t\t\t\t\tevent   : evt,\n\t\t\t\t\t\tcallback: cb\n\t\t\t\t\t}\n\t\t\t\t);\n\t\t\t}\n\t\t}\n\t}\n})();\n<\/script><!-- Mailchimp for WordPress v4.8.7 - https:\/\/wordpress.org\/plugins\/mailchimp-for-wp\/ --><form id=\"mc4wp-form-1\" class=\"mc4wp-form mc4wp-form-105\" method=\"post\" data-id=\"105\" data-name=\"Saiba tudo em primeira m\u00e3o\" ><div class=\"mc4wp-form-fields\"><div class=\"newsletter-container\">\r\n  \t<!--<h5>Newsletter<\/h5>-->\r\n  \t<h5>Saiba tudo em primeira m\u00e3o<\/h5>\r\n  \t<div class=\"input-container\">\r\n      <input type=\"email\" name=\"EMAIL\" placeholder=\"Coloque aqui o seu email\" required \/>\r\n\t  <span class=\"custom-submit\">\r\n        <input type=\"submit\" value=\"\" \/>\r\n      <\/span>\r\n    <\/div>\r\n<\/div>\r\n<\/div><label style=\"display: none !important;\">Leave this field empty if you're human: <input type=\"text\" name=\"_mc4wp_honeypot\" value=\"\" tabindex=\"-1\" autocomplete=\"off\" \/><\/label><input type=\"hidden\" name=\"_mc4wp_timestamp\" value=\"1776615288\" \/><input type=\"hidden\" name=\"_mc4wp_form_id\" value=\"105\" \/><input type=\"hidden\" name=\"_mc4wp_form_element_id\" value=\"mc4wp-form-1\" \/><div class=\"mc4wp-response\"><\/div><\/form><!-- \/ Mailchimp for WordPress Plugin -->[\/vc_column][vc_column column_padding=&#8221;no-extra-padding&#8221; column_padding_position=&#8221;all&#8221; background_color_opacity=&#8221;1&#8243; background_hover_color_opacity=&#8221;1&#8243; column_shadow=&#8221;none&#8221; column_border_radius=&#8221;none&#8221; width=&#8221;1\/6&#8243; tablet_text_alignment=&#8221;default&#8221; phone_text_alignment=&#8221;default&#8221; column_border_width=&#8221;none&#8221; column_border_style=&#8221;solid&#8221;][\/vc_column][\/vc_row]\n","protected":false},"excerpt":{"rendered":"<p>[vc_row type=&#8221;in_container&#8221; full_screen_row_position=&#8221;middle&#8221; equal_height=&#8221;yes&#8221; content_placement=&#8221;top&#8221; scene_position=&#8221;center&#8221; text_color=&#8221;dark&#8221; text_align=&#8221;left&#8221; top_padding=&#8221;50&#8243; bottom_padding=&#8221;100&#8243; overlay_strength=&#8221;0.3&#8243; shape_divider_position=&#8221;bottom&#8221; shape_type=&#8221;&#8221;][vc_column column_padding=&#8221;no-extra-padding&#8221; column_padding_position=&#8221;all&#8221; background_color_opacity=&#8221;1&#8243; background_hover_color_opacity=&#8221;1&#8243; column_shadow=&#8221;none&#8221; column_border_radius=&#8221;none&#8221; width=&#8221;1\/1&#8243; tablet_text_alignment=&#8221;default&#8221; phone_text_alignment=&#8221;default&#8221; column_border_width=&#8221;none&#8221; column_border_style=&#8221;solid&#8221;][\/vc_column][\/vc_row][vc_row type=&#8221;in_container&#8221; full_screen_row_position=&#8221;middle&#8221; scene_position=&#8221;center&#8221; text_color=&#8221;dark&#8221; text_align=&#8221;left&#8221; top_padding=&#8221;150&#8243;&#8230;<\/p>\n","protected":false},"author":1,"featured_media":0,"parent":0,"menu_order":0,"comment_status":"closed","ping_status":"closed","template":"","meta":[],"acf":[],"yoast_head":"<!-- This site is optimized with the Yoast SEO plugin v18.4.1 - https:\/\/yoast.com\/wordpress\/plugins\/seo\/ -->\n<title>Mobfood - Media<\/title>\n<meta name=\"robots\" content=\"index, follow, max-snippet:-1, max-image-preview:large, max-video-preview:-1\" \/>\n<link rel=\"canonical\" href=\"https:\/\/mobfood.pt\/en\/media\/\" \/>\n<meta property=\"og:locale\" content=\"en_US\" \/>\n<meta property=\"og:type\" content=\"article\" \/>\n<meta property=\"og:title\" content=\"Mobfood - Media\" \/>\n<meta property=\"og:description\" content=\"[vc_row type=&#8221;in_container&#8221; full_screen_row_position=&#8221;middle&#8221; equal_height=&#8221;yes&#8221; content_placement=&#8221;top&#8221; scene_position=&#8221;center&#8221; text_color=&#8221;dark&#8221; text_align=&#8221;left&#8221; top_padding=&#8221;50&#8243; bottom_padding=&#8221;100&#8243; overlay_strength=&#8221;0.3&#8243; shape_divider_position=&#8221;bottom&#8221; shape_type=&#8221;&#8221;][vc_column column_padding=&#8221;no-extra-padding&#8221; column_padding_position=&#8221;all&#8221; background_color_opacity=&#8221;1&#8243; background_hover_color_opacity=&#8221;1&#8243; column_shadow=&#8221;none&#8221; column_border_radius=&#8221;none&#8221; width=&#8221;1\/1&#8243; tablet_text_alignment=&#8221;default&#8221; phone_text_alignment=&#8221;default&#8221; column_border_width=&#8221;none&#8221; column_border_style=&#8221;solid&#8221;][\/vc_column][\/vc_row][vc_row type=&#8221;in_container&#8221; full_screen_row_position=&#8221;middle&#8221; scene_position=&#8221;center&#8221; text_color=&#8221;dark&#8221; text_align=&#8221;left&#8221; top_padding=&#8221;150&#8243;...\" \/>\n<meta property=\"og:url\" content=\"https:\/\/mobfood.pt\/en\/media\/\" \/>\n<meta property=\"og:site_name\" content=\"Mobfood\" \/>\n<meta property=\"article:publisher\" content=\"https:\/\/pt-pt.facebook.com\/PortugalFoodsOficial\/\" \/>\n<meta property=\"article:modified_time\" content=\"2019-08-07T16:27:47+00:00\" \/>\n<meta name=\"twitter:card\" content=\"summary_large_image\" \/>\n<meta name=\"twitter:label1\" content=\"Est. reading time\" \/>\n\t<meta name=\"twitter:data1\" content=\"1 minute\" \/>\n<script type=\"application\/ld+json\" class=\"yoast-schema-graph\">{\"@context\":\"https:\/\/schema.org\",\"@graph\":[{\"@type\":\"Organization\",\"@id\":\"https:\/\/mobfood.pt\/#organization\",\"name\":\"MOBFOOD\",\"url\":\"https:\/\/mobfood.pt\/\",\"sameAs\":[\"https:\/\/pt-pt.facebook.com\/PortugalFoodsOficial\/\",\"https:\/\/pt.linkedin.com\/company\/portugalfoods\",\"https:\/\/www.youtube.com\/channel\/UC_sZ9czcow_hNdn9Ia5BhiA\"],\"logo\":{\"@type\":\"ImageObject\",\"@id\":\"https:\/\/mobfood.pt\/#logo\",\"inLanguage\":\"en-US\",\"url\":\"https:\/\/mobfood.pt\/wp-content\/uploads\/2018\/10\/mobfood-logo.png\",\"contentUrl\":\"https:\/\/mobfood.pt\/wp-content\/uploads\/2018\/10\/mobfood-logo.png\",\"width\":512,\"height\":512,\"caption\":\"MOBFOOD\"},\"image\":{\"@id\":\"https:\/\/mobfood.pt\/#logo\"}},{\"@type\":\"WebSite\",\"@id\":\"https:\/\/mobfood.pt\/#website\",\"url\":\"https:\/\/mobfood.pt\/\",\"name\":\"Mobfood\",\"description\":\"Mobiliza\u00e7\u00e3o do Conhecimento Cientifico e Tecnol\u00f3gico em resposta aos Desafios do Mercado Agroalimentar\",\"publisher\":{\"@id\":\"https:\/\/mobfood.pt\/#organization\"},\"potentialAction\":[{\"@type\":\"SearchAction\",\"target\":{\"@type\":\"EntryPoint\",\"urlTemplate\":\"https:\/\/mobfood.pt\/?s={search_term_string}\"},\"query-input\":\"required name=search_term_string\"}],\"inLanguage\":\"en-US\"},{\"@type\":\"WebPage\",\"@id\":\"https:\/\/mobfood.pt\/en\/media\/#webpage\",\"url\":\"https:\/\/mobfood.pt\/en\/media\/\",\"name\":\"Mobfood - Media\",\"isPartOf\":{\"@id\":\"https:\/\/mobfood.pt\/#website\"},\"datePublished\":\"2018-10-11T14:36:10+00:00\",\"dateModified\":\"2019-08-07T16:27:47+00:00\",\"breadcrumb\":{\"@id\":\"https:\/\/mobfood.pt\/en\/media\/#breadcrumb\"},\"inLanguage\":\"en-US\",\"potentialAction\":[{\"@type\":\"ReadAction\",\"target\":[\"https:\/\/mobfood.pt\/en\/media\/\"]}]},{\"@type\":\"BreadcrumbList\",\"@id\":\"https:\/\/mobfood.pt\/en\/media\/#breadcrumb\",\"itemListElement\":[{\"@type\":\"ListItem\",\"position\":1,\"name\":\"In\u00edcio\",\"item\":\"https:\/\/mobfood.pt\/en\/\"},{\"@type\":\"ListItem\",\"position\":2,\"name\":\"Media\"}]}]}<\/script>\n<!-- \/ Yoast SEO plugin. -->","yoast_head_json":{"title":"Mobfood - Media","robots":{"index":"index","follow":"follow","max-snippet":"max-snippet:-1","max-image-preview":"max-image-preview:large","max-video-preview":"max-video-preview:-1"},"canonical":"https:\/\/mobfood.pt\/en\/media\/","og_locale":"en_US","og_type":"article","og_title":"Mobfood - Media","og_description":"[vc_row type=&#8221;in_container&#8221; full_screen_row_position=&#8221;middle&#8221; equal_height=&#8221;yes&#8221; content_placement=&#8221;top&#8221; scene_position=&#8221;center&#8221; text_color=&#8221;dark&#8221; text_align=&#8221;left&#8221; top_padding=&#8221;50&#8243; bottom_padding=&#8221;100&#8243; overlay_strength=&#8221;0.3&#8243; shape_divider_position=&#8221;bottom&#8221; shape_type=&#8221;&#8221;][vc_column column_padding=&#8221;no-extra-padding&#8221; column_padding_position=&#8221;all&#8221; background_color_opacity=&#8221;1&#8243; background_hover_color_opacity=&#8221;1&#8243; column_shadow=&#8221;none&#8221; column_border_radius=&#8221;none&#8221; width=&#8221;1\/1&#8243; tablet_text_alignment=&#8221;default&#8221; phone_text_alignment=&#8221;default&#8221; column_border_width=&#8221;none&#8221; column_border_style=&#8221;solid&#8221;][\/vc_column][\/vc_row][vc_row type=&#8221;in_container&#8221; full_screen_row_position=&#8221;middle&#8221; scene_position=&#8221;center&#8221; text_color=&#8221;dark&#8221; text_align=&#8221;left&#8221; top_padding=&#8221;150&#8243;...","og_url":"https:\/\/mobfood.pt\/en\/media\/","og_site_name":"Mobfood","article_publisher":"https:\/\/pt-pt.facebook.com\/PortugalFoodsOficial\/","article_modified_time":"2019-08-07T16:27:47+00:00","twitter_card":"summary_large_image","twitter_misc":{"Est. reading time":"1 minute"},"schema":{"@context":"https:\/\/schema.org","@graph":[{"@type":"Organization","@id":"https:\/\/mobfood.pt\/#organization","name":"MOBFOOD","url":"https:\/\/mobfood.pt\/","sameAs":["https:\/\/pt-pt.facebook.com\/PortugalFoodsOficial\/","https:\/\/pt.linkedin.com\/company\/portugalfoods","https:\/\/www.youtube.com\/channel\/UC_sZ9czcow_hNdn9Ia5BhiA"],"logo":{"@type":"ImageObject","@id":"https:\/\/mobfood.pt\/#logo","inLanguage":"en-US","url":"https:\/\/mobfood.pt\/wp-content\/uploads\/2018\/10\/mobfood-logo.png","contentUrl":"https:\/\/mobfood.pt\/wp-content\/uploads\/2018\/10\/mobfood-logo.png","width":512,"height":512,"caption":"MOBFOOD"},"image":{"@id":"https:\/\/mobfood.pt\/#logo"}},{"@type":"WebSite","@id":"https:\/\/mobfood.pt\/#website","url":"https:\/\/mobfood.pt\/","name":"Mobfood","description":"Mobiliza\u00e7\u00e3o do Conhecimento Cientifico e Tecnol\u00f3gico em resposta aos Desafios do Mercado Agroalimentar","publisher":{"@id":"https:\/\/mobfood.pt\/#organization"},"potentialAction":[{"@type":"SearchAction","target":{"@type":"EntryPoint","urlTemplate":"https:\/\/mobfood.pt\/?s={search_term_string}"},"query-input":"required name=search_term_string"}],"inLanguage":"en-US"},{"@type":"WebPage","@id":"https:\/\/mobfood.pt\/en\/media\/#webpage","url":"https:\/\/mobfood.pt\/en\/media\/","name":"Mobfood - Media","isPartOf":{"@id":"https:\/\/mobfood.pt\/#website"},"datePublished":"2018-10-11T14:36:10+00:00","dateModified":"2019-08-07T16:27:47+00:00","breadcrumb":{"@id":"https:\/\/mobfood.pt\/en\/media\/#breadcrumb"},"inLanguage":"en-US","potentialAction":[{"@type":"ReadAction","target":["https:\/\/mobfood.pt\/en\/media\/"]}]},{"@type":"BreadcrumbList","@id":"https:\/\/mobfood.pt\/en\/media\/#breadcrumb","itemListElement":[{"@type":"ListItem","position":1,"name":"In\u00edcio","item":"https:\/\/mobfood.pt\/en\/"},{"@type":"ListItem","position":2,"name":"Media"}]}]}},"_links":{"self":[{"href":"https:\/\/mobfood.pt\/en\/wp-json\/wp\/v2\/pages\/1071"}],"collection":[{"href":"https:\/\/mobfood.pt\/en\/wp-json\/wp\/v2\/pages"}],"about":[{"href":"https:\/\/mobfood.pt\/en\/wp-json\/wp\/v2\/types\/page"}],"author":[{"embeddable":true,"href":"https:\/\/mobfood.pt\/en\/wp-json\/wp\/v2\/users\/1"}],"replies":[{"embeddable":true,"href":"https:\/\/mobfood.pt\/en\/wp-json\/wp\/v2\/comments?post=1071"}],"version-history":[{"count":1,"href":"https:\/\/mobfood.pt\/en\/wp-json\/wp\/v2\/pages\/1071\/revisions"}],"predecessor-version":[{"id":1072,"href":"https:\/\/mobfood.pt\/en\/wp-json\/wp\/v2\/pages\/1071\/revisions\/1072"}],"wp:attachment":[{"href":"https:\/\/mobfood.pt\/en\/wp-json\/wp\/v2\/media?parent=1071"}],"curies":[{"name":"wp","href":"https:\/\/api.w.org\/{rel}","templated":true}]}}